{"id":2,"date":"2009-01-19T14:09:07","date_gmt":"2009-01-19T13:09:07","guid":{"rendered":"http:\/\/zecernia.com\/public_html\/?page_id=2"},"modified":"2019-08-30T21:17:24","modified_gmt":"2019-08-30T20:17:24","slug":"o-nas","status":"publish","type":"page","link":"https:\/\/zecernia.com\/html\/?page_id=2","title":{"rendered":"O&#8230;"},"content":{"rendered":"<p><strong>\u2026autorze<\/strong><br \/>\n<img decoding=\"async\" src=\"\/html\/up-images\/to-ja.jpg\" alt=\"autor\" style=\"float: left; margin-top: 5px; margin-right: 10px;\">Z zawodu zecer, teraz wykonuj\u0119 w sumie to samo, lecz&nbsp;jako operator DTP, rado\u015b\u0107 przynosi mi jednak projektowanie uk\u0142ad\u00f3w typograficznych ksi\u0105\u017cek. W&nbsp;wolnych chwilach sp\u0119dzam czas nad ksi\u0105\u017ck\u0105 historyczn\u0105. W kr\u0119gu moich zainteresowa\u0144 obecnie znajduje si\u0119 historia II&nbsp;Rzeczypospolitej, w szczeg\u00f3lno\u015bci: historia Bydgoszczy i&nbsp;jej garnizonu, historia Wo\u0142ynia i&nbsp;kwestie narodowo\u015bciowe, wojskowo\u015b\u0107, kartografia\u2026<\/span><\/p>\n<p><a id=\"academia-button\" href=\"https:\/\/independent.academia.edu\/PiotrKo%C5%BCuchowski\">Follow me on Academia.edu<\/a><script src=\"\/\/a.academia-assets.com\/javascripts\/social.js\"><\/script><\/p>\n<p><strong>\u2026prawach autorskich<\/strong><br \/>\nStaram si\u0119 aby tre\u015bci zawarte na stronie nie narusza\u0142y praw autorskich innych os\u00f3b. Je\u017celi jednak tak si\u0119 sta\u0142o, to z g\u00f3ry przepraszam i prosz\u0119 o <strong><a href=\"mailto:zecer(at)zecernia(dot)com (Piotr Ko\u017cuchowski)\">kontakt<\/a><\/strong> w celu sprostowania tego niedopatrzenia.<br \/>\nTeksty zamieszczone na stronach <a href=\"http:\/\/zecernia.com\/\"><span style=\"font-weight: normal;\"><strong>zecerni<\/strong><\/a> s\u0105 dost\u0119pne na <a rel=\"license\" href=\"http:\/\/creativecommons.pl\/\"> licencji Creative Commons:<\/a> <a rel=\"license\" href=\"http:\/\/creativecommons.org\/licenses\/by-nc-sa\/2.5\/pl\/\">Uznanie autorstwa-U\u017cycie niekomercyjne-Na tych samych warunkach 2.5 Polska<\/a>.><\/p>\n<p><strong>\u2026cytowaniu<\/strong><br \/>\nPrzypis zgodny z Polsk\u0105 Norm\u0105 (standard PN-ISO 690-2:1999. Informacja i dokumentacja. Przypisy bibliograficzne. Dokumenty elektroniczne i&nbsp;ich cz\u0119\u015bci.) powinien wygl\u0105da\u0107 nast\u0119puj\u0105co:<\/p>\n<hr \/>\n<p><span style=\"text-decoration: underline;\"><span style=\"font-weight: normal;\">Tytu\u0142 cytowanego artyku\u0142u<\/span><\/span><span style=\"font-weight: normal;\"><small><sup>1<\/sup><\/small> [online].<br \/>\nZecernia: sk\u0142adnica tekst\u00f3w wszelakich Piotra Ko\u017cuchowskiego,<br \/>\nRRRR-MM-DD GG:MM<small><sup>2<\/sup><\/small> [dost\u0119p: RRRR-MM-DD GG:MM<small><sup>3<\/sup><\/small>].<br \/>\nDost\u0119pny w Internecie: http:\/\/zecernia.com\/html<\/span> <\/p>\n<hr \/>\n<p><small><sup>1<\/sup> podaj pe\u0142en tytu\u0142 artyku\u0142u<br \/>\n<sup>2<\/sup>  podaj dat\u0119 i czas publikacji<br \/>\n<sup>3<\/sup>  podaj dat\u0119 i czas korzystania z artyku\u0142u<\/small><\/p>\n","protected":false},"excerpt":{"rendered":"<p>\u2026autorze Z zawodu zecer, teraz wykonuj\u0119 w sumie to samo, lecz&nbsp;jako operator DTP, rado\u015b\u0107 przynosi mi jednak projektowanie uk\u0142ad\u00f3w typograficznych ksi\u0105\u017cek. W&nbsp;wolnych chwilach sp\u0119dzam czas nad ksi\u0105\u017ck\u0105 historyczn\u0105. W kr\u0119gu moich zainteresowa\u0144 obecnie znajduje si\u0119 historia II&nbsp;Rzeczypospolitej, w szczeg\u00f3lno\u015bci: historia Bydgoszczy i&nbsp;jej garnizonu, historia Wo\u0142ynia i&nbsp;kwestie narodowo\u015bciowe, wojskowo\u015b\u0107, kartografia\u2026 Follow me on Academia.edu \u2026prawach autorskich [&hellip;]<\/p>\n","protected":false},"author":1,"featured_media":0,"parent":0,"menu_order":3,"comment_status":"closed","ping_status":"closed","template":"","meta":{"footnotes":""},"class_list":["post-2","page","type-page","status-publish","hentry"],"_links":{"self":[{"href":"https:\/\/zecernia.com\/html\/index.php?rest_route=\/wp\/v2\/pages\/2","targetHints":{"allow":["GET"]}}],"collection":[{"href":"https:\/\/zecernia.com\/html\/index.php?rest_route=\/wp\/v2\/pages"}],"about":[{"href":"https:\/\/zecernia.com\/html\/index.php?rest_route=\/wp\/v2\/types\/page"}],"author":[{"embeddable":true,"href":"https:\/\/zecernia.com\/html\/index.php?rest_route=\/wp\/v2\/users\/1"}],"replies":[{"embeddable":true,"href":"https:\/\/zecernia.com\/html\/index.php?rest_route=%2Fwp%2Fv2%2Fcomments&post=2"}],"version-history":[{"count":43,"href":"https:\/\/zecernia.com\/html\/index.php?rest_route=\/wp\/v2\/pages\/2\/revisions"}],"predecessor-version":[{"id":3168,"href":"https:\/\/zecernia.com\/html\/index.php?rest_route=\/wp\/v2\/pages\/2\/revisions\/3168"}],"wp:attachment":[{"href":"https:\/\/zecernia.com\/html\/index.php?rest_route=%2Fwp%2Fv2%2Fmedia&parent=2"}],"curies":[{"name":"wp","href":"https:\/\/api.w.org\/{rel}","templated":true}]}}